{"id":3081,"date":"2024-06-25T17:38:58","date_gmt":"2024-06-25T15:38:58","guid":{"rendered":"https:\/\/kenya.diplomatie.gov.bf\/?page_id=3081"},"modified":"2024-10-23T15:11:43","modified_gmt":"2024-10-23T13:11:43","slug":"cooperation-bilaterale","status":"publish","type":"page","link":"https:\/\/kenya.diplomatie.gov.bf\/index.php\/cooperation-bilaterale\/","title":{"rendered":"Coop\u00e9ration bilat\u00e9rale"},"content":{"rendered":"\t\t<div data-elementor-type=\"wp-page\" data-elementor-id=\"3081\" class=\"elementor elementor-3081\" data-elementor-post-type=\"page\">\n\t\t\t\t\t\t<section data-particle_enable=\"false\" data-particle-mobile-disabled=\"false\" class=\"elementor-section elementor-top-section elementor-element elementor-element-5be9735 elementor-section-content-middle elementor-section-boxed elementor-section-height-default elementor-section-height-default\" data-id=\"5be9735\" data-element_type=\"section\" data-e-type=\"section\">\n\t\t\t\t\t\t<div class=\"elementor-container elementor-column-gap-default\">\n\t\t\t\t\t<div class=\"elementor-column elementor-col-33 elementor-top-column elementor-element elementor-element-53bba94\" data-id=\"53bba94\" data-element_type=\"column\" data-e-type=\"column\">\n\t\t\t<div class=\"elementor-widget-wrap elementor-element-populated\">\n\t\t\t\t\t\t<div class=\"elementor-element elementor-element-4a69eb6 elementor-widget elementor-widget-image\" data-id=\"4a69eb6\" data-element_type=\"widget\" data-e-type=\"widget\" data-widget_type=\"image.default\">\n\t\t\t\t<div class=\"elementor-widget-container\">\n\t\t\t\t\t\t\t\t\t\t\t\t\t\t\t<img fetchpriority=\"high\" decoding=\"async\" width=\"640\" height=\"427\" src=\"https:\/\/kenya.diplomatie.gov.bf\/wp-content\/uploads\/sites\/32\/2024\/06\/Flag_of_Burkina_Faso.png\" class=\"attachment-large size-large wp-image-3861\" alt=\"\" \/>\t\t\t\t\t\t\t\t\t\t\t\t\t\t\t<\/div>\n\t\t\t\t<\/div>\n\t\t\t\t\t<\/div>\n\t\t<\/div>\n\t\t\t\t<div class=\"elementor-column elementor-col-33 elementor-top-column elementor-element elementor-element-a3f2d55\" data-id=\"a3f2d55\" data-element_type=\"column\" data-e-type=\"column\">\n\t\t\t<div class=\"elementor-widget-wrap elementor-element-populated\">\n\t\t\t\t\t\t<section data-particle_enable=\"false\" data-particle-mobile-disabled=\"false\" class=\"elementor-section elementor-inner-section elementor-element elementor-element-128b53c elementor-section-boxed elementor-section-height-default elementor-section-height-default\" data-id=\"128b53c\" data-element_type=\"section\" data-e-type=\"section\">\n\t\t\t\t\t\t<div class=\"elementor-container elementor-column-gap-default\">\n\t\t\t\t\t<div class=\"elementor-column elementor-col-100 elementor-inner-column elementor-element elementor-element-9944a25\" data-id=\"9944a25\" data-element_type=\"column\" data-e-type=\"column\">\n\t\t\t<div class=\"elementor-widget-wrap elementor-element-populated\">\n\t\t\t\t\t\t<div class=\"elementor-element elementor-element-de065ea elementor-widget elementor-widget-text-editor\" data-id=\"de065ea\" data-element_type=\"widget\" data-e-type=\"widget\" data-widget_type=\"text-editor.default\">\n\t\t\t\t<div class=\"elementor-widget-container\">\n\t\t\t\t\t\t\t\t\t<p>Au plan bilat\u00e9ral, l\u2019Ambassade est r\u00e9guli\u00e8rement invit\u00e9e \u00e0 prendre part \u00e0 diff\u00e9rentes r\u00e9unions et conf\u00e9rences organis\u00e9es par les autorit\u00e9s kenyanes. Elle continue de faire le suivi des dossiers en instance avec la partie k\u00e9nyane, notamment\u00a0:<\/p><ul><li><em>l\u2019Accord entre les services a\u00e9riens du Burkina Faso et du Kenya sign\u00e9 le 14 d\u00e9cembre 2018 \u00e0 Nairobi. En rappel, par note verbale du 06 mars 2019, le Minist\u00e8re des Affaires Etrang\u00e8res et de la Coop\u00e9ration avait notifi\u00e9 \u00e0 la partie kenyane l\u2019accomplissement effectif par le Burkina Faso des formalit\u00e9s juridiques internes en vue de l\u2019entr\u00e9e en vigueur dudit Accord. Mais, jusqu\u2019\u00e0 ce jour, les proc\u00e9dures n\u2019avancent pas du c\u00f4t\u00e9 de la Partie k\u00e9nyane<\/em><\/li><li><em>le projet d\u2019accord de coop\u00e9ration entre les deux Chambres de Commerce introduit par la partie burkinab\u00e8.<\/em><\/li><\/ul><p>Concernant l\u2019accord-cadre de coop\u00e9ration, un projet avait \u00e9t\u00e9 soumis par l\u2019Ambassade au Minist\u00e8re pour traduction avant sa transmission \u00e0 la partie k\u00e9nyane. L\u2019Ambassade est toujours dans l\u2019attente de la version traduite.<\/p><p>Par ailleurs, le Burkina Faso a b\u00e9n\u00e9fici\u00e9 de trois (03) bourses de formation avec la R\u00e9publique du Kenya entre d\u00e9cembre 2023 et juin 2024.<\/p><p>Aussi, un projet d\u2019accord de coop\u00e9ration militaire a \u00e9t\u00e9 soumis par note verbale n\u00b0MFA.LEG\/178\/VOL.1 du 20 juin 2024 par la partie kenyane. Ledit projet d\u2019accord a \u00e9t\u00e9 transmis \u00e0 la capitale pour amendement et suite \u00e0 donner. Le Burkina Faso a aussi b\u00e9n\u00e9fici\u00e9 d\u2019une bourse de formation continue au profit de cinq (05) officiers subalternes avec la R\u00e9publique d\u2019Ouganda de mai \u00e0 novembre 2024.<\/p><p>En perspective, il sied d\u2019\u0153uvrer \u00e0 la signature d\u2019Accords -cadres avec tous les pays de la juridiction et envisager la tenue de Commissions mixtes de coop\u00e9ration entre le Burkina Faso et les pays de la juridiction.<\/p>\t\t\t\t\t\t\t\t<\/div>\n\t\t\t\t<\/div>\n\t\t\t\t<div class=\"elementor-element elementor-element-35411af eael-divider-center elementor-widget elementor-widget-eael-divider\" data-id=\"35411af\" data-element_type=\"widget\" data-e-type=\"widget\" data-widget_type=\"eael-divider.default\">\n\t\t\t\t<div class=\"elementor-widget-container\">\n\t\t\t\t\t\t\t<div class=\"eael-divider-wrap divider-direction-horizontal\">\n\t\t\t\t\t\t\t<div class=\"divider-text-container\">\n\t\t\t\t\t<div class=\"divider-text-wrap\">\n\t\t\t\t\t\t\t\t\t\t\t\t\t<span class=\"divider-border-wrap divider-border-left\">\n\t\t\t\t\t\t\t\t<span class=\"divider-border\"><\/span>\n\t\t\t\t\t\t\t<\/span>\n\t\t\t\t\t\t\t\t\t\t\t\t<span class=\"eael-divider-content\">\n\t\t\t\t\t\t\t\t\t\t\t\t\t\t\t<span class=\"eael-divider-icon\">\n\t\t\t\t\t\t\t\t\t\t\t\t\t\t\t\t\t\t\t<svg aria-hidden=\"false\" class=\"e-font-icon-svg e-fas-star\" viewBox=\"0 0 576 512\" xmlns=\"http:\/\/www.w3.org\/2000\/svg\"><path d=\"M259.3 17.8L194 150.2 47.9 171.5c-26.2 3.8-36.7 36.1-17.7 54.6l105.7 103-25 145.5c-4.5 26.3 23.2 46 46.4 33.7L288 439.6l130.7 68.7c23.2 12.2 50.9-7.4 46.4-33.7l-25-145.5 105.7-103c19-18.5 8.5-50.8-17.7-54.6L382 150.2 316.7 17.8c-11.7-23.6-45.6-23.9-57.4 0z\"><\/path><\/svg>\t\t\t\t\t\t\t\t\t\t\t\t\t\t\t\t\t<\/span>\n\t\t\t\t\t\t\t\t\t\t\t\t\t<\/span>\n\t\t\t\t\t\t\t\t\t\t\t\t\t<span class=\"divider-border-wrap divider-border-right\">\n\t\t\t\t\t\t\t\t<span class=\"divider-border\"><\/span>\n\t\t\t\t\t\t\t<\/span>\n\t\t\t\t\t\t\t\t\t\t\t<\/div>\n\t\t\t\t<\/div>\n\t\t\t\t\t<\/div>\n\t\t\t\t<\/div>\n\t\t\t\t<\/div>\n\t\t\t\t\t<\/div>\n\t\t<\/div>\n\t\t\t\t\t<\/div>\n\t\t<\/section>\n\t\t\t\t\t<\/div>\n\t\t<\/div>\n\t\t\t\t<div class=\"elementor-column elementor-col-33 elementor-top-column elementor-element elementor-element-f913597\" data-id=\"f913597\" data-element_type=\"column\" data-e-type=\"column\">\n\t\t\t<div class=\"elementor-widget-wrap elementor-element-populated\">\n\t\t\t\t\t\t<div class=\"elementor-element elementor-element-b42947b elementor-widget elementor-widget-image\" data-id=\"b42947b\" data-element_type=\"widget\" data-e-type=\"widget\" data-widget_type=\"image.default\">\n\t\t\t\t<div class=\"elementor-widget-container\">\n\t\t\t\t\t\t\t\t\t\t\t\t\t\t\t<img fetchpriority=\"high\" decoding=\"async\" width=\"640\" height=\"427\" src=\"https:\/\/kenya.diplomatie.gov.bf\/wp-content\/uploads\/sites\/32\/2024\/06\/Flag_of_Burkina_Faso.png\" class=\"attachment-large size-large wp-image-3861\" alt=\"\" \/>\t\t\t\t\t\t\t\t\t\t\t\t\t\t\t<\/div>\n\t\t\t\t<\/div>\n\t\t\t\t\t<\/div>\n\t\t<\/div>\n\t\t\t\t\t<\/div>\n\t\t<\/section>\n\t\t\t\t<\/div>\n\t\t","protected":false},"excerpt":{"rendered":"<p>Au plan bilat\u00e9ral, l\u2019Ambassade est r\u00e9guli\u00e8rement invit\u00e9e \u00e0 prendre part \u00e0 diff\u00e9rentes r\u00e9unions et conf\u00e9rences organis\u00e9es par les autorit\u00e9s kenyanes. Elle continue de faire le suivi des dossiers en instance avec la partie k\u00e9nyane, notamment\u00a0: l\u2019Accord entre les services a\u00e9riens du Burkina Faso et du Kenya sign\u00e9 le 14 d\u00e9cembre 2018 \u00e0 Nairobi. En rappel, [&hellip;]<\/p>\n","protected":false},"author":4,"featured_media":0,"parent":0,"menu_order":0,"comment_status":"closed","ping_status":"closed","template":"elementor_header_footer","meta":{"_acf_changed":false,"_monsterinsights_skip_tracking":false,"_monsterinsights_sitenote_active":false,"_monsterinsights_sitenote_note":"","_monsterinsights_sitenote_category":0,"footnotes":""},"class_list":["post-3081","page","type-page","status-publish","hentry"],"acf":[],"_links":{"self":[{"href":"https:\/\/kenya.diplomatie.gov.bf\/index.php\/wp-json\/wp\/v2\/pages\/3081","targetHints":{"allow":["GET"]}}],"collection":[{"href":"https:\/\/kenya.diplomatie.gov.bf\/index.php\/wp-json\/wp\/v2\/pages"}],"about":[{"href":"https:\/\/kenya.diplomatie.gov.bf\/index.php\/wp-json\/wp\/v2\/types\/page"}],"author":[{"embeddable":true,"href":"https:\/\/kenya.diplomatie.gov.bf\/index.php\/wp-json\/wp\/v2\/users\/4"}],"replies":[{"embeddable":true,"href":"https:\/\/kenya.diplomatie.gov.bf\/index.php\/wp-json\/wp\/v2\/comments?post=3081"}],"version-history":[{"count":61,"href":"https:\/\/kenya.diplomatie.gov.bf\/index.php\/wp-json\/wp\/v2\/pages\/3081\/revisions"}],"predecessor-version":[{"id":5419,"href":"https:\/\/kenya.diplomatie.gov.bf\/index.php\/wp-json\/wp\/v2\/pages\/3081\/revisions\/5419"}],"wp:attachment":[{"href":"https:\/\/kenya.diplomatie.gov.bf\/index.php\/wp-json\/wp\/v2\/media?parent=3081"}],"curies":[{"name":"wp","href":"https:\/\/api.w.org\/{rel}","templated":true}]}}