{"id":3083,"date":"2024-06-25T17:39:38","date_gmt":"2024-06-25T15:39:38","guid":{"rendered":"https:\/\/kenya.diplomatie.gov.bf\/?page_id=3083"},"modified":"2024-09-30T14:35:21","modified_gmt":"2024-09-30T12:35:21","slug":"cooperation-multilaterale","status":"publish","type":"page","link":"https:\/\/kenya.diplomatie.gov.bf\/index.php\/cooperation-multilaterale\/","title":{"rendered":"Coop\u00e9ration multilat\u00e9rale"},"content":{"rendered":"\t\t<div data-elementor-type=\"wp-page\" data-elementor-id=\"3083\" class=\"elementor elementor-3083\" data-elementor-post-type=\"page\">\n\t\t\t\t\t\t<section data-particle_enable=\"false\" data-particle-mobile-disabled=\"false\" class=\"elementor-section elementor-top-section elementor-element elementor-element-b2464af elementor-section-content-middle elementor-section-boxed elementor-section-height-default elementor-section-height-default\" data-id=\"b2464af\" data-element_type=\"section\" data-e-type=\"section\">\n\t\t\t\t\t\t<div class=\"elementor-container elementor-column-gap-default\">\n\t\t\t\t\t<div class=\"elementor-column elementor-col-33 elementor-top-column elementor-element elementor-element-5331fd0\" data-id=\"5331fd0\" data-element_type=\"column\" data-e-type=\"column\">\n\t\t\t<div class=\"elementor-widget-wrap elementor-element-populated\">\n\t\t\t\t\t\t<div class=\"elementor-element elementor-element-463a7f4 elementor-widget elementor-widget-image\" data-id=\"463a7f4\" data-element_type=\"widget\" data-e-type=\"widget\" data-widget_type=\"image.default\">\n\t\t\t\t<div class=\"elementor-widget-container\">\n\t\t\t\t\t\t\t\t\t\t\t\t\t\t\t<img fetchpriority=\"high\" decoding=\"async\" width=\"640\" height=\"427\" src=\"https:\/\/kenya.diplomatie.gov.bf\/wp-content\/uploads\/sites\/32\/2024\/06\/Flag_of_Burkina_Faso.png\" class=\"attachment-large size-large wp-image-3861\" alt=\"\" \/>\t\t\t\t\t\t\t\t\t\t\t\t\t\t\t<\/div>\n\t\t\t\t<\/div>\n\t\t\t\t\t<\/div>\n\t\t<\/div>\n\t\t\t\t<div class=\"elementor-column elementor-col-33 elementor-top-column elementor-element elementor-element-dee6559\" data-id=\"dee6559\" data-element_type=\"column\" data-e-type=\"column\">\n\t\t\t<div class=\"elementor-widget-wrap elementor-element-populated\">\n\t\t\t\t\t\t<section data-particle_enable=\"false\" data-particle-mobile-disabled=\"false\" class=\"elementor-section elementor-inner-section elementor-element elementor-element-3127295 elementor-section-boxed elementor-section-height-default elementor-section-height-default\" data-id=\"3127295\" data-element_type=\"section\" data-e-type=\"section\">\n\t\t\t\t\t\t<div class=\"elementor-container elementor-column-gap-default\">\n\t\t\t\t\t<div class=\"elementor-column elementor-col-100 elementor-inner-column elementor-element elementor-element-bfb176a\" data-id=\"bfb176a\" data-element_type=\"column\" data-e-type=\"column\">\n\t\t\t<div class=\"elementor-widget-wrap elementor-element-populated\">\n\t\t\t\t\t\t<div class=\"elementor-element elementor-element-7c33e1e elementor-widget elementor-widget-text-editor\" data-id=\"7c33e1e\" data-element_type=\"widget\" data-e-type=\"widget\" data-widget_type=\"text-editor.default\">\n\t\t\t\t<div class=\"elementor-widget-container\">\n\t\t\t\t\t\t\t\t\t<p>Contrairement aux relations bilat\u00e9rales, les relations multilat\u00e9rales sont plus dynamiques avec le du Programme des Nations Unies pour l\u2019Environnement (PNUE) et le Programme des Nations Unies pour les \u00e9tablissements Humains (ONU-HABITAT). C\u2019est ainsi que l\u2019Ambassade, tout comme les autres missions diplomatiques, est invit\u00e9e \u00e0 plusieurs r\u00e9unions qui se tiennent r\u00e9guli\u00e8rement tout au long de l\u2019ann\u00e9e.<\/p><p>Ces deux institutions sont constitu\u00e9es chacune d\u2019un organe directeur compos\u00e9 d\u2019un Comit\u00e9 des Repr\u00e9sentants Permanents (C.R.P. ou C.P.R. en anglais) et d\u2019un Secr\u00e9tariat des organes dirigeants (Secretariat of Governing Bodies) qui assure la coordination de la communication entre le bureau du Directeur ex\u00e9cutif et les missions diplomatiques.<\/p><p>Les rencontres du C.R.P. se tiennent une fois par trimestre. Toutefois, il existe un sous-comit\u00e9 du C.R.P. qui se r\u00e9unit chaque fois que de besoin pour discuter de questions concernant la vie des deux institutions ou la mise en \u0153uvre des r\u00e9solutions.<\/p><p>Ainsi, au titre du PPNUE, elle participe aux r\u00e9unions du sous-Comit\u00e9 du Comit\u00e9 des Repr\u00e9sentants Permanents, aux r\u00e9unions du Comit\u00e9 des Repr\u00e9sentants permanents, aux sessions de l\u2019Assembl\u00e9e des Nations Unies pour l\u2019Environnement ainsi que toutes activit\u00e9s relatives \u00e0 la protection de l\u2019Environnement.<\/p><p>Au titre de l\u2019ONU-habitat, elle participe aux sessions du Conseil Ex\u00e9cutif de l\u2019ONU-Habitat, l\u2019Assembl\u00e9e g\u00e9n\u00e9rale de l\u2019ONU-Habitat ainsi que toutes les activit\u00e9s relatives au Programme des Nations Unies pour les Etablissements Humains.<\/p><p>\u00a0<\/p>\t\t\t\t\t\t\t\t<\/div>\n\t\t\t\t<\/div>\n\t\t\t\t<div class=\"elementor-element elementor-element-96f1a8a eael-divider-center elementor-widget elementor-widget-eael-divider\" data-id=\"96f1a8a\" data-element_type=\"widget\" data-e-type=\"widget\" data-widget_type=\"eael-divider.default\">\n\t\t\t\t<div class=\"elementor-widget-container\">\n\t\t\t\t\t\t\t<div class=\"eael-divider-wrap divider-direction-horizontal\">\n\t\t\t\t\t\t\t<div class=\"divider-text-container\">\n\t\t\t\t\t<div class=\"divider-text-wrap\">\n\t\t\t\t\t\t\t\t\t\t\t\t\t<span class=\"divider-border-wrap divider-border-left\">\n\t\t\t\t\t\t\t\t<span class=\"divider-border\"><\/span>\n\t\t\t\t\t\t\t<\/span>\n\t\t\t\t\t\t\t\t\t\t\t\t<span class=\"eael-divider-content\">\n\t\t\t\t\t\t\t\t\t\t\t\t\t\t\t<span class=\"eael-divider-icon\">\n\t\t\t\t\t\t\t\t\t\t\t\t\t\t\t\t\t\t\t<svg aria-hidden=\"false\" class=\"e-font-icon-svg e-fas-star\" viewBox=\"0 0 576 512\" xmlns=\"http:\/\/www.w3.org\/2000\/svg\"><path d=\"M259.3 17.8L194 150.2 47.9 171.5c-26.2 3.8-36.7 36.1-17.7 54.6l105.7 103-25 145.5c-4.5 26.3 23.2 46 46.4 33.7L288 439.6l130.7 68.7c23.2 12.2 50.9-7.4 46.4-33.7l-25-145.5 105.7-103c19-18.5 8.5-50.8-17.7-54.6L382 150.2 316.7 17.8c-11.7-23.6-45.6-23.9-57.4 0z\"><\/path><\/svg>\t\t\t\t\t\t\t\t\t\t\t\t\t\t\t\t\t<\/span>\n\t\t\t\t\t\t\t\t\t\t\t\t\t<\/span>\n\t\t\t\t\t\t\t\t\t\t\t\t\t<span class=\"divider-border-wrap divider-border-right\">\n\t\t\t\t\t\t\t\t<span class=\"divider-border\"><\/span>\n\t\t\t\t\t\t\t<\/span>\n\t\t\t\t\t\t\t\t\t\t\t<\/div>\n\t\t\t\t<\/div>\n\t\t\t\t\t<\/div>\n\t\t\t\t<\/div>\n\t\t\t\t<\/div>\n\t\t\t\t\t<\/div>\n\t\t<\/div>\n\t\t\t\t\t<\/div>\n\t\t<\/section>\n\t\t\t\t\t<\/div>\n\t\t<\/div>\n\t\t\t\t<div class=\"elementor-column elementor-col-33 elementor-top-column elementor-element elementor-element-a5cc2c9\" data-id=\"a5cc2c9\" data-element_type=\"column\" data-e-type=\"column\">\n\t\t\t<div class=\"elementor-widget-wrap elementor-element-populated\">\n\t\t\t\t\t\t<div class=\"elementor-element elementor-element-0181b66 elementor-widget elementor-widget-image\" data-id=\"0181b66\" data-element_type=\"widget\" data-e-type=\"widget\" data-widget_type=\"image.default\">\n\t\t\t\t<div class=\"elementor-widget-container\">\n\t\t\t\t\t\t\t\t\t\t\t\t\t\t\t<img fetchpriority=\"high\" decoding=\"async\" width=\"640\" height=\"427\" src=\"https:\/\/kenya.diplomatie.gov.bf\/wp-content\/uploads\/sites\/32\/2024\/06\/Flag_of_Burkina_Faso.png\" class=\"attachment-large size-large wp-image-3861\" alt=\"\" \/>\t\t\t\t\t\t\t\t\t\t\t\t\t\t\t<\/div>\n\t\t\t\t<\/div>\n\t\t\t\t\t<\/div>\n\t\t<\/div>\n\t\t\t\t\t<\/div>\n\t\t<\/section>\n\t\t\t\t<\/div>\n\t\t","protected":false},"excerpt":{"rendered":"<p>\/*! elementor &#8211; v3.23.0 &#8211; 05-08-2024 *\/ .elementor-widget-image{text-align:center}.elementor-widget-image a{display:inline-block}.elementor-widget-image a img[src$=\u00a0\u00bb.svg\u00a0\u00bb]{width:48px}.elementor-widget-image img{vertical-align:middle;display:inline-block} Contrairement aux relations bilat\u00e9rales, les relations multilat\u00e9rales sont plus dynamiques avec le du Programme des Nations Unies pour l\u2019Environnement (PNUE) et le Programme des Nations Unies pour les \u00e9tablissements Humains (ONU-HABITAT). C\u2019est ainsi que l\u2019Ambassade, tout comme les autres missions diplomatiques, est invit\u00e9e [&hellip;]<\/p>\n","protected":false},"author":4,"featured_media":0,"parent":0,"menu_order":0,"comment_status":"closed","ping_status":"closed","template":"elementor_header_footer","meta":{"_acf_changed":false,"_monsterinsights_skip_tracking":false,"_monsterinsights_sitenote_active":false,"_monsterinsights_sitenote_note":"","_monsterinsights_sitenote_category":0,"footnotes":""},"class_list":["post-3083","page","type-page","status-publish","hentry"],"acf":[],"_links":{"self":[{"href":"https:\/\/kenya.diplomatie.gov.bf\/index.php\/wp-json\/wp\/v2\/pages\/3083","targetHints":{"allow":["GET"]}}],"collection":[{"href":"https:\/\/kenya.diplomatie.gov.bf\/index.php\/wp-json\/wp\/v2\/pages"}],"about":[{"href":"https:\/\/kenya.diplomatie.gov.bf\/index.php\/wp-json\/wp\/v2\/types\/page"}],"author":[{"embeddable":true,"href":"https:\/\/kenya.diplomatie.gov.bf\/index.php\/wp-json\/wp\/v2\/users\/4"}],"replies":[{"embeddable":true,"href":"https:\/\/kenya.diplomatie.gov.bf\/index.php\/wp-json\/wp\/v2\/comments?post=3083"}],"version-history":[{"count":15,"href":"https:\/\/kenya.diplomatie.gov.bf\/index.php\/wp-json\/wp\/v2\/pages\/3083\/revisions"}],"predecessor-version":[{"id":5114,"href":"https:\/\/kenya.diplomatie.gov.bf\/index.php\/wp-json\/wp\/v2\/pages\/3083\/revisions\/5114"}],"wp:attachment":[{"href":"https:\/\/kenya.diplomatie.gov.bf\/index.php\/wp-json\/wp\/v2\/media?parent=3083"}],"curies":[{"name":"wp","href":"https:\/\/api.w.org\/{rel}","templated":true}]}}