{"id":3980,"date":"2024-06-27T11:37:08","date_gmt":"2024-06-27T09:37:08","guid":{"rendered":"https:\/\/kenya.diplomatie.gov.bf\/?page_id=3980"},"modified":"2024-09-30T13:39:36","modified_gmt":"2024-09-30T11:39:36","slug":"le-personnel","status":"publish","type":"page","link":"https:\/\/kenya.diplomatie.gov.bf\/index.php\/le-personnel\/","title":{"rendered":"Le personnel"},"content":{"rendered":"\t\t<div data-elementor-type=\"wp-page\" data-elementor-id=\"3980\" class=\"elementor elementor-3980\" data-elementor-post-type=\"page\">\n\t\t\t\t<div data-particle_enable=\"false\" data-particle-mobile-disabled=\"false\" class=\"elementor-element elementor-element-4eb88673 e-flex e-con-boxed elementor-invisible e-con e-parent\" data-id=\"4eb88673\" data-element_type=\"container\" data-e-type=\"container\" data-settings=\"{&quot;background_background&quot;:&quot;classic&quot;,&quot;animation&quot;:&quot;slideInLeft&quot;}\">\n\t\t\t\t\t<div class=\"e-con-inner\">\n\t\t<div data-particle_enable=\"false\" data-particle-mobile-disabled=\"false\" class=\"elementor-element elementor-element-7884ee44 e-con-full e-flex elementor-invisible e-con e-child\" data-id=\"7884ee44\" data-element_type=\"container\" data-e-type=\"container\" data-settings=\"{&quot;animation&quot;:&quot;fadeInLeft&quot;}\">\n\t\t\t\t<div class=\"elementor-element elementor-element-493a66f elementor-widget elementor-widget-tg-team\" data-id=\"493a66f\" data-element_type=\"widget\" data-e-type=\"widget\" data-widget_type=\"tg-team.default\">\n\t\t\t\t<div class=\"elementor-widget-container\">\n\t\t\t\t\t\r\n\r\n\r\n        \r\n            <div class=\"row justify-content-center gutter-24\">\r\n                                    <div class=\"col-lg-3 col-md-6 col-sm-8\">\r\n                        <div class=\"team__item-two shine-animate-item\">\r\n                                                            <div class=\"team__thumb-two shine-animate\">\r\n                                    <img decoding=\"async\" src=\"https:\/\/kenya.diplomatie.gov.bf\/wp-content\/uploads\/sites\/32\/2024\/09\/ABASSADEUR-KENYA-2.jpg\" alt=\"\">\r\n                                <\/div>\r\n                                                        <div class=\"team__content-two\">\r\n                                <h4 class=\"title\"><a href=\"#\">SEM KABORE Dominique <\/a><\/h4>\r\n                                                                    <span>Ambassadeur Repr\u00e9sentant Permanent<\/span>\r\n                                                                                            <\/div>\r\n                        <\/div>\r\n                    <\/div>\r\n                                    <div class=\"col-lg-3 col-md-6 col-sm-8\">\r\n                        <div class=\"team__item-two shine-animate-item\">\r\n                                                            <div class=\"team__thumb-two shine-animate\">\r\n                                    <img decoding=\"async\" src=\"https:\/\/kenya.diplomatie.gov.bf\/wp-content\/uploads\/sites\/32\/2024\/09\/Ambassadeur-Adjoint-mADAME-Myriam.jpg\" alt=\"\">\r\n                                <\/div>\r\n                                                        <div class=\"team__content-two\">\r\n                                <h4 class=\"title\"><a href=\"#\">WEDRAOGO\/SOULAMA Myriam Aman <\/a><\/h4>\r\n                                                                    <span>Ambassadeur, Repr\u00e9sentant Permanent Adjoint<\/span>\r\n                                                                                            <\/div>\r\n                        <\/div>\r\n                    <\/div>\r\n                                    <div class=\"col-lg-3 col-md-6 col-sm-8\">\r\n                        <div class=\"team__item-two shine-animate-item\">\r\n                                                            <div class=\"team__thumb-two shine-animate\">\r\n                                    <img decoding=\"async\" src=\"https:\/\/kenya.diplomatie.gov.bf\/wp-content\/uploads\/sites\/32\/2024\/09\/Zongnaba_Adama-removebg-preview-150x150.png\" alt=\"\">\r\n                                <\/div>\r\n                                                        <div class=\"team__content-two\">\r\n                                <h4 class=\"title\"><a href=\"#\">ZONG-NABA Adama<\/a><\/h4>\r\n                                                                    <span>Deuxi\u00e8me Conseiller <\/span>\r\n                                                                                            <\/div>\r\n                        <\/div>\r\n                    <\/div>\r\n                                    <div class=\"col-lg-3 col-md-6 col-sm-8\">\r\n                        <div class=\"team__item-two shine-animate-item\">\r\n                                                            <div class=\"team__thumb-two shine-animate\">\r\n                                    <img decoding=\"async\" src=\"https:\/\/kenya.diplomatie.gov.bf\/wp-content\/uploads\/sites\/32\/2024\/09\/Monsieur-Armand-Narcisse-SOMDA.jpg\" alt=\"\">\r\n                                <\/div>\r\n                                                        <div class=\"team__content-two\">\r\n                                <h4 class=\"title\"><a href=\"#\">SOMDA Armand Narcisse <\/a><\/h4>\r\n                                                                    <span>Premier Secr\u00e9taire<\/span>\r\n                                                                                            <\/div>\r\n                        <\/div>\r\n                    <\/div>\r\n                                    <div class=\"col-lg-3 col-md-6 col-sm-8\">\r\n                        <div class=\"team__item-two shine-animate-item\">\r\n                                                            <div class=\"team__thumb-two shine-animate\">\r\n                                    <img decoding=\"async\" src=\"https:\/\/kenya.diplomatie.gov.bf\/wp-content\/uploads\/sites\/32\/2024\/09\/Monsieur-Esai-Wily.jpg\" alt=\"\">\r\n                                <\/div>\r\n                                                        <div class=\"team__content-two\">\r\n                                <h4 class=\"title\"><a href=\"#\">WILY Esa\u00ef <\/a><\/h4>\r\n                                                                    <span>Conseiller Economique <\/span>\r\n                                                                                            <\/div>\r\n                        <\/div>\r\n                    <\/div>\r\n                                    <div class=\"col-lg-3 col-md-6 col-sm-8\">\r\n                        <div class=\"team__item-two shine-animate-item\">\r\n                                                            <div class=\"team__thumb-two shine-animate\">\r\n                                    <img decoding=\"async\" src=\"https:\/\/kenya.diplomatie.gov.bf\/wp-content\/uploads\/sites\/32\/2024\/09\/Monsieur_Seini_KOANDA-removebg-preview-150x150.png\" alt=\"\">\r\n                                <\/div>\r\n                                                        <div class=\"team__content-two\">\r\n                                <h4 class=\"title\"><a href=\"#\">KOANDA S\u00e9ni<\/a><\/h4>\r\n                                                                    <span>Tr\u00e9sorier<\/span>\r\n                                                                                            <\/div>\r\n                        <\/div>\r\n                    <\/div>\r\n                                    <div class=\"col-lg-3 col-md-6 col-sm-8\">\r\n                        <div class=\"team__item-two shine-animate-item\">\r\n                                                            <div class=\"team__thumb-two shine-animate\">\r\n                                    <img decoding=\"async\" src=\"https:\/\/kenya.diplomatie.gov.bf\/wp-content\/uploads\/sites\/32\/2024\/09\/Madame-Martine-ZONG-NABA-SAWADOGO.jpg\" alt=\"\">\r\n                                <\/div>\r\n                                                        <div class=\"team__content-two\">\r\n                                <h4 class=\"title\"><a href=\"#\">ZONG-NABA\/SAWADOGO Martine<\/a><\/h4>\r\n                                                                    <span>Attach\u00e9e<\/span>\r\n                                                                                            <\/div>\r\n                        <\/div>\r\n                    <\/div>\r\n                                    <div class=\"col-lg-3 col-md-6 col-sm-8\">\r\n                        <div class=\"team__item-two shine-animate-item\">\r\n                                                            <div class=\"team__thumb-two shine-animate\">\r\n                                    <img decoding=\"async\" src=\"https:\/\/kenya.diplomatie.gov.bf\/wp-content\/uploads\/sites\/32\/2024\/09\/Madame_Hawa_KOANDA_KABORE-removebg-preview-150x150.png\" alt=\"\">\r\n                                <\/div>\r\n                                                        <div class=\"team__content-two\">\r\n                                <h4 class=\"title\"><a href=\"#\">KOANDA\/KABORE Hawa<\/a><\/h4>\r\n                                                                    <span>Attach\u00e9e<\/span>\r\n                                                                                            <\/div>\r\n                        <\/div>\r\n                    <\/div>\r\n                            <\/div>\r\n\r\n        \r\n\t\t\t\t<\/div>\n\t\t\t\t<\/div>\n\t\t\t\t<\/div>\n\t\t\t\t\t<\/div>\n\t\t\t\t<\/div>\n\t\t\t\t<\/div>\n\t\t","protected":false},"excerpt":{"rendered":"<p>SEM KABORE Dominique Ambassadeur Repr\u00e9sentant Permanent WEDRAOGO\/SOULAMA Myriam Aman Ambassadeur, Repr\u00e9sentant Permanent Adjoint ZONG-NABA Adama Deuxi\u00e8me Conseiller SOMDA Armand Narcisse Premier Secr\u00e9taire WILY Esa\u00ef Conseiller Economique KOANDA S\u00e9ni Tr\u00e9sorier ZONG-NABA\/SAWADOGO Martine Attach\u00e9e KOANDA\/KABORE Hawa Attach\u00e9e<\/p>\n","protected":false},"author":4,"featured_media":0,"parent":0,"menu_order":0,"comment_status":"closed","ping_status":"closed","template":"elementor_header_footer","meta":{"_acf_changed":false,"_monsterinsights_skip_tracking":false,"_monsterinsights_sitenote_active":false,"_monsterinsights_sitenote_note":"","_monsterinsights_sitenote_category":0,"footnotes":""},"class_list":["post-3980","page","type-page","status-publish","hentry"],"acf":[],"_links":{"self":[{"href":"https:\/\/kenya.diplomatie.gov.bf\/index.php\/wp-json\/wp\/v2\/pages\/3980","targetHints":{"allow":["GET"]}}],"collection":[{"href":"https:\/\/kenya.diplomatie.gov.bf\/index.php\/wp-json\/wp\/v2\/pages"}],"about":[{"href":"https:\/\/kenya.diplomatie.gov.bf\/index.php\/wp-json\/wp\/v2\/types\/page"}],"author":[{"embeddable":true,"href":"https:\/\/kenya.diplomatie.gov.bf\/index.php\/wp-json\/wp\/v2\/users\/4"}],"replies":[{"embeddable":true,"href":"https:\/\/kenya.diplomatie.gov.bf\/index.php\/wp-json\/wp\/v2\/comments?post=3980"}],"version-history":[{"count":96,"href":"https:\/\/kenya.diplomatie.gov.bf\/index.php\/wp-json\/wp\/v2\/pages\/3980\/revisions"}],"predecessor-version":[{"id":5080,"href":"https:\/\/kenya.diplomatie.gov.bf\/index.php\/wp-json\/wp\/v2\/pages\/3980\/revisions\/5080"}],"wp:attachment":[{"href":"https:\/\/kenya.diplomatie.gov.bf\/index.php\/wp-json\/wp\/v2\/media?parent=3980"}],"curies":[{"name":"wp","href":"https:\/\/api.w.org\/{rel}","templated":true}]}}